{"id":980,"date":"2021-03-11T09:40:40","date_gmt":"2021-03-11T09:40:40","guid":{"rendered":"https:\/\/estudio.rs\/?page_id=980"},"modified":"2024-09-29T10:12:23","modified_gmt":"2024-09-29T10:12:23","slug":"kursevi-za-decu","status":"publish","type":"page","link":"https:\/\/estudio.rs\/en\/kursevi-za-decu\/","title":{"rendered":"Kursevi za decu"},"content":{"rendered":"<div data-elementor-type=\"wp-page\" data-elementor-id=\"980\" class=\"elementor elementor-980\">\n\t\t\t\t\t\t<section class=\"elementor-section elementor-top-section elementor-element elementor-element-fd3da74 elementor-section-boxed elementor-section-height-default elementor-section-height-default\" data-id=\"fd3da74\" data-element_type=\"section\">\n\t\t\t\t\t\t<div class=\"elementor-container elementor-column-gap-default\">\n\t\t\t\t\t<div class=\"elementor-column elementor-col-100 elementor-top-column elementor-element elementor-element-bf6ce7b\" data-id=\"bf6ce7b\" data-element_type=\"column\">\n\t\t\t<div class=\"elementor-widget-wrap elementor-element-populated\">\n\t\t\t\t\t\t<div class=\"elementor-element elementor-element-cf2c06d elementor-widget elementor-widget-heading\" data-id=\"cf2c06d\" data-element_type=\"widget\" data-widget_type=\"heading.default\">\n\t\t\t\t<div class=\"elementor-widget-container\">\n\t\t\t<h2 class=\"elementor-heading-title elementor-size-default\"><h3 class=\"elementor-image-box-title elementor-inline-editing pen\" data-elementor-setting-key=\"title_text\" data-elementor-inline-editing-toolbar=\"none\" data-pen-placeholder=\"Type Here...\" style=\"font-style: normal;text-align: center;text-transform: none\">COURSES FOR CHILDREN<\/h3><\/h2>\t\t<\/div>\n\t\t\t\t<\/div>\n\t\t\t\t<div class=\"elementor-element elementor-element-8f78295 elementor-position-top elementor-widget elementor-widget-image-box\" data-id=\"8f78295\" data-element_type=\"widget\" data-widget_type=\"image-box.default\">\n\t\t\t\t<div class=\"elementor-widget-container\">\n\t\t\t<div class=\"elementor-image-box-wrapper\"><figure class=\"elementor-image-box-img\"><img fetchpriority=\"high\" decoding=\"async\" width=\"1000\" height=\"488\" src=\"https:\/\/estudio.rs\/wp-content\/uploads\/2021\/01\/MommyMatters2.jpg\" class=\"attachment-full size-full wp-image-746\" alt=\"\" srcset=\"https:\/\/estudio.rs\/wp-content\/uploads\/2021\/01\/MommyMatters2.jpg 1000w, https:\/\/estudio.rs\/wp-content\/uploads\/2021\/01\/MommyMatters2-300x146.jpg 300w, https:\/\/estudio.rs\/wp-content\/uploads\/2021\/01\/MommyMatters2-768x375.jpg 768w\" sizes=\"(max-width: 1000px) 100vw, 1000px\" \/><\/figure><\/div>\t\t<\/div>\n\t\t\t\t<\/div>\n\t\t\t\t<div class=\"elementor-element elementor-element-52a589c elementor-icon-list--layout-traditional elementor-list-item-link-full_width elementor-widget elementor-widget-icon-list\" data-id=\"52a589c\" data-element_type=\"widget\" data-widget_type=\"icon-list.default\">\n\t\t\t\t<div class=\"elementor-widget-container\">\n\t\t\t\t\t<ul class=\"elementor-icon-list-items\">\n\t\t\t\t\t\t\t<li class=\"elementor-icon-list-item\">\n\t\t\t\t\t\t\t\t\t\t\t<span class=\"elementor-icon-list-icon\">\n\t\t\t\t\t\t\t<i aria-hidden=\"true\" class=\"fas fa-dot-circle\"><\/i>\t\t\t\t\t\t<\/span>\n\t\t\t\t\t\t\t\t\t\t<span class=\"elementor-icon-list-text\">Mese\u010dna cena kurseva za decu <b>od 3 do 7 <\/b>  godina , osam \u010dasova mese\u010dno po 30 min. <b>2800.00rsd<\/b><\/span>\n\t\t\t\t\t\t\t\t\t<\/li>\n\t\t\t\t\t\t\t\t<li class=\"elementor-icon-list-item translation-block\">- Monthly fee of course for children of younger school age, 8x60' 23 EUR<\/li>\n\t\t\t\t\t\t\t\t<li class=\"elementor-icon-list-item translation-block\">- Monthly fee of course for older school-age children, 8x60'  30 EUR<\/li>\n\t\t\t\t\t\t\t\t<li class=\"elementor-icon-list-item translation-block\">-Monthly fee of course for older school-age children, 8x90'  41 EUR<\/li>\n\t\t\t\t\t\t\t\t<li class=\"elementor-icon-list-item translation-block\">-Monthly fee of course for children - individual lessons, 8x60'   54 EUR<\/li>\n\t\t\t\t\t\t\t\t<li class=\"elementor-icon-list-item translation-block\">-Monthly fee of the conversation course - group lessons, 8x60'  30 EUR<\/li>\n\t\t\t\t\t\t\t\t<li class=\"elementor-icon-list-item translation-block\">-Monthly fee of the conversation course - individual lessons, 8x60' 54 EUR<\/li>\n\t\t\t\t\t\t\t\t<li class=\"elementor-icon-list-item\">\n\t\t\t\t\t\t\t\t\t\t\t<span class=\"elementor-icon-list-icon\">\n\t\t\t\t\t\t\t<i aria-hidden=\"true\" class=\"fas fa-dot-circle\"><\/i>\t\t\t\t\t\t<\/span>\n\t\t\t\t\t\t\t\t\t\t<span class=\"elementor-icon-list-text\"><\/span>\n\t\t\t\t\t\t\t\t\t<\/li>\n\t\t\t\t\t\t<\/ul>\n\t\t\t\t<\/div>\n\t\t\t\t<\/div>\n\t\t\t\t\t<\/div>\n\t\t<\/div>\n\t\t\t\t\t<\/div>\n\t\t<\/section>\n\t\t\t\t<\/div>","protected":false},"excerpt":{"rendered":"<p>KURSEVI ZA DECU Mese\u010dna cena kurseva za decu od 3 do 7 godina , osam \u010dasova mese\u010dno po 30 min. 2800.00rsd Mese\u010dna cena kurseva za decu mla\u0111eg \u0161kolskog uzrasta, 8&#215;60\u2019 3000.00rsd Mese\u010dna cena kurseva za decu starijeg \u0161kolskog uzrasta, 8&#215;60\u2019 3600.00rsd Mese\u010dna cena kurseva za decu starijeg \u0161kolskog uzrasta, 8&#215;90\u2019 4800.00rsd Mese\u010dna cena kurseva za [&hellip;]<\/p>","protected":false},"author":1,"featured_media":0,"parent":0,"menu_order":0,"comment_status":"closed","ping_status":"closed","template":"","meta":{"site-sidebar-layout":"no-sidebar","site-content-layout":"page-builder","ast-site-content-layout":"","site-content-style":"default","site-sidebar-style":"default","ast-global-header-display":"","ast-banner-title-visibility":"","ast-main-header-display":"","ast-hfb-above-header-display":"","ast-hfb-below-header-display":"","ast-hfb-mobile-header-display":"","site-post-title":"disabled","ast-breadcrumbs-content":"","ast-featured-img":"disabled","footer-sml-layout":"","theme-transparent-header-meta":"default","adv-header-id-meta":"","stick-header-meta":"","header-above-stick-meta":"","header-main-stick-meta":"","header-below-stick-meta":"","astra-migrate-meta-layouts":"default","ast-page-background-enabled":"default","ast-page-background-meta":{"desktop":{"background-color":"var(--ast-global-color-4)","background-image":"","background-repeat":"repeat","background-position":"center center","background-size":"auto","background-attachment":"scroll","background-type":"","background-media":"","overlay-type":"","overlay-color":"","overlay-opacity":"","overlay-gradient":""},"tablet":{"background-color":"","background-image":"","background-repeat":"repeat","background-position":"center center","background-size":"auto","background-attachment":"scroll","background-type":"","background-media":"","overlay-type":"","overlay-color":"","overlay-opacity":"","overlay-gradient":""},"mobile":{"background-color":"","background-image":"","background-repeat":"repeat","background-position":"center center","background-size":"auto","background-attachment":"scroll","background-type":"","background-media":"","overlay-type":"","overlay-color":"","overlay-opacity":"","overlay-gradient":""}},"ast-content-background-meta":{"desktop":{"background-color":"var(--ast-global-color-5)","background-image":"","background-repeat":"repeat","background-position":"center center","background-size":"auto","background-attachment":"scroll","background-type":"","background-media":"","overlay-type":"","overlay-color":"","overlay-opacity":"","overlay-gradient":""},"tablet":{"background-color":"var(--ast-global-color-5)","background-image":"","background-repeat":"repeat","background-position":"center center","background-size":"auto","background-attachment":"scroll","background-type":"","background-media":"","overlay-type":"","overlay-color":"","overlay-opacity":"","overlay-gradient":""},"mobile":{"background-color":"var(--ast-global-color-5)","background-image":"","background-repeat":"repeat","background-position":"center center","background-size":"auto","background-attachment":"scroll","background-type":"","background-media":"","overlay-type":"","overlay-color":"","overlay-opacity":"","overlay-gradient":""}},"footnotes":""},"class_list":["post-980","page","type-page","status-publish","hentry"],"_links":{"self":[{"href":"https:\/\/estudio.rs\/en\/wp-json\/wp\/v2\/pages\/980"}],"collection":[{"href":"https:\/\/estudio.rs\/en\/wp-json\/wp\/v2\/pages"}],"about":[{"href":"https:\/\/estudio.rs\/en\/wp-json\/wp\/v2\/types\/page"}],"author":[{"embeddable":true,"href":"https:\/\/estudio.rs\/en\/wp-json\/wp\/v2\/users\/1"}],"replies":[{"embeddable":true,"href":"https:\/\/estudio.rs\/en\/wp-json\/wp\/v2\/comments?post=980"}],"version-history":[{"count":11,"href":"https:\/\/estudio.rs\/en\/wp-json\/wp\/v2\/pages\/980\/revisions"}],"predecessor-version":[{"id":5695,"href":"https:\/\/estudio.rs\/en\/wp-json\/wp\/v2\/pages\/980\/revisions\/5695"}],"wp:attachment":[{"href":"https:\/\/estudio.rs\/en\/wp-json\/wp\/v2\/media?parent=980"}],"curies":[{"name":"wp","href":"https:\/\/api.w.org\/{rel}","templated":true}]}}