{"id":1201,"date":"2022-01-08T12:38:53","date_gmt":"2022-01-08T12:38:53","guid":{"rendered":"https:\/\/estudio.rs\/?page_id=1201"},"modified":"2024-06-27T12:10:55","modified_gmt":"2024-06-27T12:10:55","slug":"ruski-jezik","status":"publish","type":"page","link":"https:\/\/estudio.rs\/en\/ruski-jezik\/","title":{"rendered":"Russian Language"},"content":{"rendered":"<div data-elementor-type=\"wp-page\" data-elementor-id=\"1201\" class=\"elementor elementor-1201\">\n\t\t\t\t\t\t<section class=\"elementor-section elementor-top-section elementor-element elementor-element-7112bd5 elementor-section-boxed elementor-section-height-default elementor-section-height-default\" data-id=\"7112bd5\" data-element_type=\"section\">\n\t\t\t\t\t\t<div class=\"elementor-container elementor-column-gap-default\">\n\t\t\t\t\t<div class=\"elementor-column elementor-col-100 elementor-top-column elementor-element elementor-element-944403a\" data-id=\"944403a\" data-element_type=\"column\">\n\t\t\t<div class=\"elementor-widget-wrap elementor-element-populated\">\n\t\t\t\t\t\t<div class=\"elementor-element elementor-element-939622e elementor-widget elementor-widget-image\" data-id=\"939622e\" data-element_type=\"widget\" data-widget_type=\"image.default\">\n\t\t\t\t<div class=\"elementor-widget-container\">\n\t\t\t\t\t\t\t\t\t\t\t\t\t<img fetchpriority=\"high\" decoding=\"async\" width=\"1024\" height=\"1024\" src=\"https:\/\/estudio.rs\/wp-content\/uploads\/2022\/01\/0-02-0a-a11d3227744268bea6610f758fa628ef1fbd697422a656d8cb91546fe259ab29_f82bb41b4c676d3-1024x1024.jpg\" class=\"attachment-large size-large wp-image-1210\" alt=\"\" srcset=\"https:\/\/estudio.rs\/wp-content\/uploads\/2022\/01\/0-02-0a-a11d3227744268bea6610f758fa628ef1fbd697422a656d8cb91546fe259ab29_f82bb41b4c676d3-1024x1024.jpg 1024w, https:\/\/estudio.rs\/wp-content\/uploads\/2022\/01\/0-02-0a-a11d3227744268bea6610f758fa628ef1fbd697422a656d8cb91546fe259ab29_f82bb41b4c676d3-300x300.jpg 300w, https:\/\/estudio.rs\/wp-content\/uploads\/2022\/01\/0-02-0a-a11d3227744268bea6610f758fa628ef1fbd697422a656d8cb91546fe259ab29_f82bb41b4c676d3-150x150.jpg 150w, https:\/\/estudio.rs\/wp-content\/uploads\/2022\/01\/0-02-0a-a11d3227744268bea6610f758fa628ef1fbd697422a656d8cb91546fe259ab29_f82bb41b4c676d3-768x768.jpg 768w, https:\/\/estudio.rs\/wp-content\/uploads\/2022\/01\/0-02-0a-a11d3227744268bea6610f758fa628ef1fbd697422a656d8cb91546fe259ab29_f82bb41b4c676d3-1536x1536.jpg 1536w, https:\/\/estudio.rs\/wp-content\/uploads\/2022\/01\/0-02-0a-a11d3227744268bea6610f758fa628ef1fbd697422a656d8cb91546fe259ab29_f82bb41b4c676d3-12x12.jpg 12w, https:\/\/estudio.rs\/wp-content\/uploads\/2022\/01\/0-02-0a-a11d3227744268bea6610f758fa628ef1fbd697422a656d8cb91546fe259ab29_f82bb41b4c676d3.jpg 1600w\" sizes=\"(max-width: 1024px) 100vw, 1024px\" \/>\t\t\t\t\t\t\t\t\t\t\t\t\t<\/div>\n\t\t\t\t<\/div>\n\t\t\t\t<div class=\"elementor-element elementor-element-a11d854 elementor-widget elementor-widget-image-box\" data-id=\"a11d854\" data-element_type=\"widget\" data-widget_type=\"image-box.default\">\n\t\t\t\t<div class=\"elementor-widget-container\">\n\t\t\t<div class=\"elementor-image-box-wrapper\"><div class=\"elementor-image-box-content\"><h3 class=\"elementor-image-box-title\"><h5 data-elementor-setting-key=\"title_text\" data-elementor-inline-editing-toolbar=\"none\" data-pen-placeholder=\"\u041a\u0443\u0446\u0430\u0458\u0442\u0435 \u043e\u0432\u0434\u0435...\" style=\"font-style: normal; margin-bottom: 12px;\">Russian Language<\/h5><\/h3><p class=\"elementor-image-box-description\"><p style=\"margin-bottom:0cm;line-height:115%\"><em>It is currently spoken by about 450 million people worldwide as a first and second language. In the countries of Eastern and Southeastern Europe, it is still studied as a compulsory school subject. Russian and Serbian languages are like distant relatives who came from an ancient language used by the ancient Slavs and they share 24 letters of the Cyrillic alphabet.<o:p><\/o:p><\/em><\/p><\/p><\/div><\/div>\t\t<\/div>\n\t\t\t\t<\/div>\n\t\t\t\t<div class=\"elementor-element elementor-element-1bcdb45 elementor-icon-list--layout-traditional elementor-list-item-link-full_width elementor-widget elementor-widget-icon-list\" data-id=\"1bcdb45\" data-element_type=\"widget\" data-widget_type=\"icon-list.default\">\n\t\t\t\t<div class=\"elementor-widget-container\">\n\t\t\t\t\t<ul class=\"elementor-icon-list-items\">\n\t\t\t\t\t\t\t<li class=\"elementor-icon-list-item\">\n\t\t\t\t\t\t\t\t\t\t\t<span class=\"elementor-icon-list-icon\">\n\t\t\t\t\t\t\t<i aria-hidden=\"true\" class=\"fas fa-dot-circle\"><\/i>\t\t\t\t\t\t<\/span>\n\t\t\t\t\t\t\t\t\t\t<span class=\"elementor-icon-list-text\">Courses for school-age children\n<\/span>\n\t\t\t\t\t\t\t\t\t<\/li>\n\t\t\t\t\t\t\t\t<li class=\"elementor-icon-list-item\">\n\t\t\t\t\t\t\t\t\t\t\t<span class=\"elementor-icon-list-icon\">\n\t\t\t\t\t\t\t<i aria-hidden=\"true\" class=\"fas fa-dot-circle\"><\/i>\t\t\t\t\t\t<\/span>\n\t\t\t\t\t\t\t\t\t\t<span class=\"elementor-icon-list-text\">Adult courses<\/span>\n\t\t\t\t\t\t\t\t\t<\/li>\n\t\t\t\t\t\t\t\t<li class=\"elementor-icon-list-item\">\n\t\t\t\t\t\t\t\t\t\t\t<span class=\"elementor-icon-list-icon\">\n\t\t\t\t\t\t\t<i aria-hidden=\"true\" class=\"fas fa-dot-circle\"><\/i>\t\t\t\t\t\t<\/span>\n\t\t\t\t\t\t\t\t\t\t<span class=\"elementor-icon-list-text\">Conversation courses for all levels and all ages<\/span>\n\t\t\t\t\t\t\t\t\t<\/li>\n\t\t\t\t\t\t\t\t<li class=\"elementor-icon-list-item\">\n\t\t\t\t\t\t\t\t\t\t\t<span class=\"elementor-icon-list-icon\">\n\t\t\t\t\t\t\t<i aria-hidden=\"true\" class=\"fas fa-dot-circle\"><\/i>\t\t\t\t\t\t<\/span>\n\t\t\t\t\t\t\t\t\t\t<span class=\"elementor-icon-list-text\">Intensive courses<\/span>\n\t\t\t\t\t\t\t\t\t<\/li>\n\t\t\t\t\t\t\t\t<li class=\"elementor-icon-list-item\">\n\t\t\t\t\t\t\t\t\t\t\t<span class=\"elementor-icon-list-icon\">\n\t\t\t\t\t\t\t<i aria-hidden=\"true\" class=\"fas fa-dot-circle\"><\/i>\t\t\t\t\t\t<\/span>\n\t\t\t\t\t\t\t\t\t\t<span class=\"elementor-icon-list-text\">All courses for children include participation in creative workshops that are held on school premises several times a year<\/span>\n\t\t\t\t\t\t\t\t\t<\/li>\n\t\t\t\t\t\t<\/ul>\n\t\t\t\t<\/div>\n\t\t\t\t<\/div>\n\t\t\t\t\t<\/div>\n\t\t<\/div>\n\t\t\t\t\t<\/div>\n\t\t<\/section>\n\t\t\t\t<\/div>","protected":false},"excerpt":{"rendered":"<p>Pentru a-\u021bi cre\u0219te \u0219ansele de a ob\u021bine creditul urgent de azi, este important s\u0103 \u021bii cont de credit online c\u00e2teva sfaturi utile. \u00cen primul r\u00e2nd, asigur\u0103-te c\u0103 \u00ee\u021bi verifici scorul de credit \u00een prealabil \u0219i \u00eencerc\u0103 s\u0103 \u00eel \u00eembun\u0103t\u0103\u021be\u0219ti, dac\u0103 este necesar. Ruski jezik Trenutno ga govori oko 450 miliona ljudi na svetu kao prvi [&hellip;]<\/p>","protected":false},"author":1,"featured_media":0,"parent":0,"menu_order":0,"comment_status":"closed","ping_status":"closed","template":"","meta":{"site-sidebar-layout":"no-sidebar","site-content-layout":"page-builder","ast-site-content-layout":"","site-content-style":"default","site-sidebar-style":"default","ast-global-header-display":"","ast-banner-title-visibility":"","ast-main-header-display":"","ast-hfb-above-header-display":"","ast-hfb-below-header-display":"","ast-hfb-mobile-header-display":"","site-post-title":"disabled","ast-breadcrumbs-content":"","ast-featured-img":"disabled","footer-sml-layout":"","theme-transparent-header-meta":"default","adv-header-id-meta":"","stick-header-meta":"","header-above-stick-meta":"","header-main-stick-meta":"","header-below-stick-meta":"","astra-migrate-meta-layouts":"default","ast-page-background-enabled":"default","ast-page-background-meta":{"desktop":{"background-color":"var(--ast-global-color-4)","background-image":"","background-repeat":"repeat","background-position":"center center","background-size":"auto","background-attachment":"scroll","background-type":"","background-media":"","overlay-type":"","overlay-color":"","overlay-opacity":"","overlay-gradient":""},"tablet":{"background-color":"","background-image":"","background-repeat":"repeat","background-position":"center center","background-size":"auto","background-attachment":"scroll","background-type":"","background-media":"","overlay-type":"","overlay-color":"","overlay-opacity":"","overlay-gradient":""},"mobile":{"background-color":"","background-image":"","background-repeat":"repeat","background-position":"center center","background-size":"auto","background-attachment":"scroll","background-type":"","background-media":"","overlay-type":"","overlay-color":"","overlay-opacity":"","overlay-gradient":""}},"ast-content-background-meta":{"desktop":{"background-color":"var(--ast-global-color-5)","background-image":"","background-repeat":"repeat","background-position":"center center","background-size":"auto","background-attachment":"scroll","background-type":"","background-media":"","overlay-type":"","overlay-color":"","overlay-opacity":"","overlay-gradient":""},"tablet":{"background-color":"var(--ast-global-color-5)","background-image":"","background-repeat":"repeat","background-position":"center center","background-size":"auto","background-attachment":"scroll","background-type":"","background-media":"","overlay-type":"","overlay-color":"","overlay-opacity":"","overlay-gradient":""},"mobile":{"background-color":"var(--ast-global-color-5)","background-image":"","background-repeat":"repeat","background-position":"center center","background-size":"auto","background-attachment":"scroll","background-type":"","background-media":"","overlay-type":"","overlay-color":"","overlay-opacity":"","overlay-gradient":""}},"footnotes":""},"class_list":["post-1201","page","type-page","status-publish","hentry"],"_links":{"self":[{"href":"https:\/\/estudio.rs\/en\/wp-json\/wp\/v2\/pages\/1201"}],"collection":[{"href":"https:\/\/estudio.rs\/en\/wp-json\/wp\/v2\/pages"}],"about":[{"href":"https:\/\/estudio.rs\/en\/wp-json\/wp\/v2\/types\/page"}],"author":[{"embeddable":true,"href":"https:\/\/estudio.rs\/en\/wp-json\/wp\/v2\/users\/1"}],"replies":[{"embeddable":true,"href":"https:\/\/estudio.rs\/en\/wp-json\/wp\/v2\/comments?post=1201"}],"version-history":[{"count":11,"href":"https:\/\/estudio.rs\/en\/wp-json\/wp\/v2\/pages\/1201\/revisions"}],"predecessor-version":[{"id":2135,"href":"https:\/\/estudio.rs\/en\/wp-json\/wp\/v2\/pages\/1201\/revisions\/2135"}],"wp:attachment":[{"href":"https:\/\/estudio.rs\/en\/wp-json\/wp\/v2\/media?parent=1201"}],"curies":[{"name":"wp","href":"https:\/\/api.w.org\/{rel}","templated":true}]}}