{"id":1008,"date":"2021-03-23T11:08:16","date_gmt":"2021-03-23T11:08:16","guid":{"rendered":"https:\/\/estudio.rs\/?page_id=1008"},"modified":"2021-03-23T11:13:41","modified_gmt":"2021-03-23T11:13:41","slug":"test","status":"publish","type":"page","link":"https:\/\/estudio.rs\/en\/test\/","title":{"rendered":"Test"},"content":{"rendered":"<div data-elementor-type=\"wp-page\" data-elementor-id=\"1008\" class=\"elementor elementor-1008\">\n\t\t\t\t\t\t<section class=\"elementor-section elementor-top-section elementor-element elementor-element-7d6b40b elementor-section-boxed elementor-section-height-default elementor-section-height-default\" data-id=\"7d6b40b\" data-element_type=\"section\">\n\t\t\t\t\t\t<div class=\"elementor-container elementor-column-gap-default\">\n\t\t\t\t\t<div class=\"elementor-column elementor-col-100 elementor-top-column elementor-element elementor-element-8ee793a\" data-id=\"8ee793a\" data-element_type=\"column\">\n\t\t\t<div class=\"elementor-widget-wrap elementor-element-populated\">\n\t\t\t\t\t\t<div class=\"elementor-element elementor-element-fe5edc1 elementor-widget elementor-widget-heading\" data-id=\"fe5edc1\" data-element_type=\"widget\" data-widget_type=\"heading.default\">\n\t\t\t\t<div class=\"elementor-widget-container\">\n\t\t\t<h2 class=\"elementor-heading-title elementor-size-default\">English quiz<\/h2>\t\t<\/div>\n\t\t\t\t<\/div>\n\t\t\t\t<div class=\"elementor-element elementor-element-2e2f12b elementor-widget elementor-widget-image\" data-id=\"2e2f12b\" data-element_type=\"widget\" data-widget_type=\"image.default\">\n\t\t\t\t<div class=\"elementor-widget-container\">\n\t\t\t\t\t\t\t\t\t\t\t\t\t<img fetchpriority=\"high\" decoding=\"async\" width=\"1024\" height=\"512\" src=\"https:\/\/estudio.rs\/wp-content\/uploads\/2021\/01\/1200px-Flag_of_the_United_Kingdom.svg-1024x512.png\" class=\"attachment-large size-large wp-image-551\" alt=\"\" srcset=\"https:\/\/estudio.rs\/wp-content\/uploads\/2021\/01\/1200px-Flag_of_the_United_Kingdom.svg-1024x512.png 1024w, https:\/\/estudio.rs\/wp-content\/uploads\/2021\/01\/1200px-Flag_of_the_United_Kingdom.svg-300x150.png 300w, https:\/\/estudio.rs\/wp-content\/uploads\/2021\/01\/1200px-Flag_of_the_United_Kingdom.svg-768x384.png 768w, https:\/\/estudio.rs\/wp-content\/uploads\/2021\/01\/1200px-Flag_of_the_United_Kingdom.svg.png 1200w\" sizes=\"(max-width: 1024px) 100vw, 1024px\" \/>\t\t\t\t\t\t\t\t\t\t\t\t\t<\/div>\n\t\t\t\t<\/div>\n\t\t\t\t<div class=\"elementor-element elementor-element-ccb2323 elementor-align-center elementor-widget elementor-widget-button\" data-id=\"ccb2323\" data-element_type=\"widget\" data-widget_type=\"button.default\">\n\t\t\t\t<div class=\"elementor-widget-container\">\n\t\t\t\t\t<div class=\"elementor-button-wrapper\">\n\t\t\t<a class=\"elementor-button elementor-button-link elementor-size-sm\" href=\"https:\/\/estudio.rs\/en\/kviz-engleski\/\">\n\t\t\t\t\t\t<span class=\"elementor-button-content-wrapper\">\n\t\t\t\t\t\t\t\t\t<span class=\"elementor-button-text\">START QUIZ<\/span>\n\t\t\t\t\t<\/span>\n\t\t\t\t\t<\/a>\n\t\t<\/div>\n\t\t\t\t<\/div>\n\t\t\t\t<\/div>\n\t\t\t\t<div class=\"elementor-element elementor-element-f82a183 elementor-widget elementor-widget-heading\" data-id=\"f82a183\" data-element_type=\"widget\" data-widget_type=\"heading.default\">\n\t\t\t\t<div class=\"elementor-widget-container\">\n\t\t\t<h2 class=\"elementor-heading-title elementor-size-default\">french quiz<\/h2>\t\t<\/div>\n\t\t\t\t<\/div>\n\t\t\t\t<div class=\"elementor-element elementor-element-e7d871a elementor-widget elementor-widget-image\" data-id=\"e7d871a\" data-element_type=\"widget\" data-widget_type=\"image.default\">\n\t\t\t\t<div class=\"elementor-widget-container\">\n\t\t\t\t\t\t\t\t\t\t\t\t\t<img decoding=\"async\" width=\"900\" height=\"600\" data-src=\"https:\/\/estudio.rs\/wp-content\/uploads\/2021\/01\/g145.png\" class=\"attachment-large size-large wp-image-656 lazyload\" alt=\"\" data-srcset=\"https:\/\/estudio.rs\/wp-content\/uploads\/2021\/01\/g145.png 900w, https:\/\/estudio.rs\/wp-content\/uploads\/2021\/01\/g145-300x200.png 300w, https:\/\/estudio.rs\/wp-content\/uploads\/2021\/01\/g145-768x512.png 768w\" data-sizes=\"(max-width: 900px) 100vw, 900px\" src=\"data:image\/gif;base64,R0lGODlhAQABAAAAACH5BAEKAAEALAAAAAABAAEAAAICTAEAOw==\" style=\"--smush-placeholder-width: 900px; --smush-placeholder-aspect-ratio: 900\/600;\" \/><noscript><img decoding=\"async\" width=\"900\" height=\"600\" src=\"https:\/\/estudio.rs\/wp-content\/uploads\/2021\/01\/g145.png\" class=\"attachment-large size-large wp-image-656\" alt=\"\" srcset=\"https:\/\/estudio.rs\/wp-content\/uploads\/2021\/01\/g145.png 900w, https:\/\/estudio.rs\/wp-content\/uploads\/2021\/01\/g145-300x200.png 300w, https:\/\/estudio.rs\/wp-content\/uploads\/2021\/01\/g145-768x512.png 768w\" sizes=\"(max-width: 900px) 100vw, 900px\" \/><\/noscript>\t\t\t\t\t\t\t\t\t\t\t\t\t<\/div>\n\t\t\t\t<\/div>\n\t\t\t\t<div class=\"elementor-element elementor-element-437634b elementor-align-center elementor-widget elementor-widget-button\" data-id=\"437634b\" data-element_type=\"widget\" data-widget_type=\"button.default\">\n\t\t\t\t<div class=\"elementor-widget-container\">\n\t\t\t\t\t<div class=\"elementor-button-wrapper\">\n\t\t\t<a class=\"elementor-button elementor-button-link elementor-size-sm\" href=\"https:\/\/estudio.rs\/en\/kviz-francuski\/\">\n\t\t\t\t\t\t<span class=\"elementor-button-content-wrapper\">\n\t\t\t\t\t\t\t\t\t<span class=\"elementor-button-text\">d\u00e9marrer le quiz<\/span>\n\t\t\t\t\t<\/span>\n\t\t\t\t\t<\/a>\n\t\t<\/div>\n\t\t\t\t<\/div>\n\t\t\t\t<\/div>\n\t\t\t\t<div class=\"elementor-element elementor-element-d1fd54e elementor-widget elementor-widget-heading\" data-id=\"d1fd54e\" data-element_type=\"widget\" data-widget_type=\"heading.default\">\n\t\t\t\t<div class=\"elementor-widget-container\">\n\t\t\t<h2 class=\"elementor-heading-title elementor-size-default\">Spanish quiz<\/h2>\t\t<\/div>\n\t\t\t\t<\/div>\n\t\t\t\t<div class=\"elementor-element elementor-element-a9d2da7 elementor-widget elementor-widget-image\" data-id=\"a9d2da7\" data-element_type=\"widget\" data-widget_type=\"image.default\">\n\t\t\t\t<div class=\"elementor-widget-container\">\n\t\t\t\t\t\t\t\t\t\t\t\t\t<img decoding=\"async\" width=\"1000\" height=\"667\" data-src=\"https:\/\/estudio.rs\/wp-content\/uploads\/2021\/01\/spain-flag-png-large.jpg\" class=\"attachment-large size-large wp-image-553 lazyload\" alt=\"\" data-srcset=\"https:\/\/estudio.rs\/wp-content\/uploads\/2021\/01\/spain-flag-png-large.jpg 1000w, https:\/\/estudio.rs\/wp-content\/uploads\/2021\/01\/spain-flag-png-large-300x200.jpg 300w, https:\/\/estudio.rs\/wp-content\/uploads\/2021\/01\/spain-flag-png-large-768x512.jpg 768w\" data-sizes=\"(max-width: 1000px) 100vw, 1000px\" src=\"data:image\/gif;base64,R0lGODlhAQABAAAAACH5BAEKAAEALAAAAAABAAEAAAICTAEAOw==\" style=\"--smush-placeholder-width: 1000px; --smush-placeholder-aspect-ratio: 1000\/667;\" \/><noscript><img decoding=\"async\" width=\"1000\" height=\"667\" src=\"https:\/\/estudio.rs\/wp-content\/uploads\/2021\/01\/spain-flag-png-large.jpg\" class=\"attachment-large size-large wp-image-553\" alt=\"\" srcset=\"https:\/\/estudio.rs\/wp-content\/uploads\/2021\/01\/spain-flag-png-large.jpg 1000w, https:\/\/estudio.rs\/wp-content\/uploads\/2021\/01\/spain-flag-png-large-300x200.jpg 300w, https:\/\/estudio.rs\/wp-content\/uploads\/2021\/01\/spain-flag-png-large-768x512.jpg 768w\" sizes=\"(max-width: 1000px) 100vw, 1000px\" \/><\/noscript>\t\t\t\t\t\t\t\t\t\t\t\t\t<\/div>\n\t\t\t\t<\/div>\n\t\t\t\t<div class=\"elementor-element elementor-element-cb8f716 elementor-align-center elementor-widget elementor-widget-button\" data-id=\"cb8f716\" data-element_type=\"widget\" data-widget_type=\"button.default\">\n\t\t\t\t<div class=\"elementor-widget-container\">\n\t\t\t\t\t<div class=\"elementor-button-wrapper\">\n\t\t\t<a class=\"elementor-button elementor-button-link elementor-size-sm\" href=\"https:\/\/estudio.rs\/en\/spanski-kviz\/\">\n\t\t\t\t\t\t<span class=\"elementor-button-content-wrapper\">\n\t\t\t\t\t\t\t\t\t<span class=\"elementor-button-text\">iniciar cuestionario<\/span>\n\t\t\t\t\t<\/span>\n\t\t\t\t\t<\/a>\n\t\t<\/div>\n\t\t\t\t<\/div>\n\t\t\t\t<\/div>\n\t\t\t\t<div class=\"elementor-element elementor-element-805707c elementor-widget elementor-widget-heading\" data-id=\"805707c\" data-element_type=\"widget\" data-widget_type=\"heading.default\">\n\t\t\t\t<div class=\"elementor-widget-container\">\n\t\t\t<h2 class=\"elementor-heading-title elementor-size-default\">GERMAN QUIZ<\/h2>\t\t<\/div>\n\t\t\t\t<\/div>\n\t\t\t\t<div class=\"elementor-element elementor-element-6aac764 elementor-widget elementor-widget-image\" data-id=\"6aac764\" data-element_type=\"widget\" data-widget_type=\"image.default\">\n\t\t\t\t<div class=\"elementor-widget-container\">\n\t\t\t\t\t\t\t\t\t\t\t\t\t<img loading=\"lazy\" decoding=\"async\" width=\"600\" height=\"360\" data-src=\"https:\/\/estudio.rs\/wp-content\/uploads\/2021\/01\/g163.png\" class=\"attachment-large size-large wp-image-657 lazyload\" alt=\"\" data-srcset=\"https:\/\/estudio.rs\/wp-content\/uploads\/2021\/01\/g163.png 600w, https:\/\/estudio.rs\/wp-content\/uploads\/2021\/01\/g163-300x180.png 300w\" data-sizes=\"(max-width: 600px) 100vw, 600px\" src=\"data:image\/gif;base64,R0lGODlhAQABAAAAACH5BAEKAAEALAAAAAABAAEAAAICTAEAOw==\" style=\"--smush-placeholder-width: 600px; --smush-placeholder-aspect-ratio: 600\/360;\" \/><noscript><img loading=\"lazy\" decoding=\"async\" width=\"600\" height=\"360\" src=\"https:\/\/estudio.rs\/wp-content\/uploads\/2021\/01\/g163.png\" class=\"attachment-large size-large wp-image-657\" alt=\"\" srcset=\"https:\/\/estudio.rs\/wp-content\/uploads\/2021\/01\/g163.png 600w, https:\/\/estudio.rs\/wp-content\/uploads\/2021\/01\/g163-300x180.png 300w\" sizes=\"(max-width: 600px) 100vw, 600px\" \/><\/noscript>\t\t\t\t\t\t\t\t\t\t\t\t\t<\/div>\n\t\t\t\t<\/div>\n\t\t\t\t<div class=\"elementor-element elementor-element-b6988ab elementor-align-center elementor-widget elementor-widget-button\" data-id=\"b6988ab\" data-element_type=\"widget\" data-widget_type=\"button.default\">\n\t\t\t\t<div class=\"elementor-widget-container\">\n\t\t\t\t\t<div class=\"elementor-button-wrapper\">\n\t\t\t<a class=\"elementor-button elementor-button-link elementor-size-sm\" href=\"https:\/\/estudio.rs\/en\/nemacki-kviz\/\">\n\t\t\t\t\t\t<span class=\"elementor-button-content-wrapper\">\n\t\t\t\t\t\t\t\t\t<span class=\"elementor-button-text\">Quiz starten<\/span>\n\t\t\t\t\t<\/span>\n\t\t\t\t\t<\/a>\n\t\t<\/div>\n\t\t\t\t<\/div>\n\t\t\t\t<\/div>\n\t\t\t\t\t<\/div>\n\t\t<\/div>\n\t\t\t\t\t<\/div>\n\t\t<\/section>\n\t\t\t\t<\/div>","protected":false},"excerpt":{"rendered":"<p>engleski kviz START QUIZ francuski kviz d\u00e9marrer le quiz \u0160panski kviz iniciar cuestionario nema\u010dki kviz Quiz starten<\/p>","protected":false},"author":1,"featured_media":0,"parent":0,"menu_order":0,"comment_status":"closed","ping_status":"closed","template":"","meta":{"site-sidebar-layout":"no-sidebar","site-content-layout":"page-builder","ast-site-content-layout":"","site-content-style":"default","site-sidebar-style":"default","ast-global-header-display":"","ast-banner-title-visibility":"","ast-main-header-display":"","ast-hfb-above-header-display":"","ast-hfb-below-header-display":"","ast-hfb-mobile-header-display":"","site-post-title":"disabled","ast-breadcrumbs-content":"","ast-featured-img":"disabled","footer-sml-layout":"","theme-transparent-header-meta":"default","adv-header-id-meta":"","stick-header-meta":"","header-above-stick-meta":"","header-main-stick-meta":"","header-below-stick-meta":"","astra-migrate-meta-layouts":"default","ast-page-background-enabled":"default","ast-page-background-meta":{"desktop":{"background-color":"var(--ast-global-color-4)","background-image":"","background-repeat":"repeat","background-position":"center center","background-size":"auto","background-attachment":"scroll","background-type":"","background-media":"","overlay-type":"","overlay-color":"","overlay-opacity":"","overlay-gradient":""},"tablet":{"background-color":"","background-image":"","background-repeat":"repeat","background-position":"center center","background-size":"auto","background-attachment":"scroll","background-type":"","background-media":"","overlay-type":"","overlay-color":"","overlay-opacity":"","overlay-gradient":""},"mobile":{"background-color":"","background-image":"","background-repeat":"repeat","background-position":"center center","background-size":"auto","background-attachment":"scroll","background-type":"","background-media":"","overlay-type":"","overlay-color":"","overlay-opacity":"","overlay-gradient":""}},"ast-content-background-meta":{"desktop":{"background-color":"var(--ast-global-color-5)","background-image":"","background-repeat":"repeat","background-position":"center center","background-size":"auto","background-attachment":"scroll","background-type":"","background-media":"","overlay-type":"","overlay-color":"","overlay-opacity":"","overlay-gradient":""},"tablet":{"background-color":"var(--ast-global-color-5)","background-image":"","background-repeat":"repeat","background-position":"center center","background-size":"auto","background-attachment":"scroll","background-type":"","background-media":"","overlay-type":"","overlay-color":"","overlay-opacity":"","overlay-gradient":""},"mobile":{"background-color":"var(--ast-global-color-5)","background-image":"","background-repeat":"repeat","background-position":"center center","background-size":"auto","background-attachment":"scroll","background-type":"","background-media":"","overlay-type":"","overlay-color":"","overlay-opacity":"","overlay-gradient":""}},"footnotes":""},"class_list":["post-1008","page","type-page","status-publish","hentry"],"_links":{"self":[{"href":"https:\/\/estudio.rs\/en\/wp-json\/wp\/v2\/pages\/1008"}],"collection":[{"href":"https:\/\/estudio.rs\/en\/wp-json\/wp\/v2\/pages"}],"about":[{"href":"https:\/\/estudio.rs\/en\/wp-json\/wp\/v2\/types\/page"}],"author":[{"embeddable":true,"href":"https:\/\/estudio.rs\/en\/wp-json\/wp\/v2\/users\/1"}],"replies":[{"embeddable":true,"href":"https:\/\/estudio.rs\/en\/wp-json\/wp\/v2\/comments?post=1008"}],"version-history":[{"count":5,"href":"https:\/\/estudio.rs\/en\/wp-json\/wp\/v2\/pages\/1008\/revisions"}],"predecessor-version":[{"id":1013,"href":"https:\/\/estudio.rs\/en\/wp-json\/wp\/v2\/pages\/1008\/revisions\/1013"}],"wp:attachment":[{"href":"https:\/\/estudio.rs\/en\/wp-json\/wp\/v2\/media?parent=1008"}],"curies":[{"name":"wp","href":"https:\/\/api.w.org\/{rel}","templated":true}]}}